{"id":1752,"date":"2025-06-04T19:17:59","date_gmt":"2025-06-04T22:17:59","guid":{"rendered":"https:\/\/inspa.com.br\/?page_id=1752"},"modified":"2026-01-06T17:32:02","modified_gmt":"2026-01-06T20:32:02","slug":"infografico-pos-comportamento-dos-caes-e-gatos","status":"publish","type":"page","link":"https:\/\/inspa.com.br\/index.php\/infografico-pos-comportamento-dos-caes-e-gatos\/","title":{"rendered":"Infografico P\u00f3s Comportamento dos C\u00e3es e Gatos"},"content":{"rendered":"\t\t<div data-elementor-type=\"wp-page\" data-elementor-id=\"1752\" class=\"elementor elementor-1752\" data-elementor-post-type=\"page\">\n\t\t\t\t<div class=\"elementor-element elementor-element-c8fdeb6 e-flex e-con-boxed e-con e-parent\" data-id=\"c8fdeb6\" data-element_type=\"container\" data-e-type=\"container\">\n\t\t\t\t\t<div class=\"e-con-inner\">\n\t\t\t\t<div class=\"elementor-element elementor-element-9efd583 elementor-widget elementor-widget-heading\" data-id=\"9efd583\" data-element_type=\"widget\" data-e-type=\"widget\" data-widget_type=\"heading.default\">\n\t\t\t\t<div class=\"elementor-widget-container\">\n\t\t\t\t\t<h2 class=\"elementor-heading-title elementor-size-default\">Curso Modular integrado por<br>Unidades de Conhecimento<\/h2>\t\t\t\t<\/div>\n\t\t\t\t<\/div>\n\t\t\t\t<div class=\"elementor-element elementor-element-f81eb9e elementor-widget elementor-widget-text-editor\" data-id=\"f81eb9e\" data-element_type=\"widget\" data-e-type=\"widget\" data-widget_type=\"text-editor.default\">\n\t\t\t\t<div class=\"elementor-widget-container\">\n\t\t\t\t\t\t\t\t\t<p>Nas nossas p\u00f3s-gradua\u00e7\u00f5es as unidades representam blocos estruturados de conhecimentos, compet\u00eancias e habilidades, inter-relacionados e n\u00e3o hier\u00e1rquicos, voltados para a excel\u00eancia profissional.<\/p>\t\t\t\t\t\t\t\t<\/div>\n\t\t\t\t<\/div>\n\t\t<div class=\"elementor-element elementor-element-9a351b9 e-flex e-con-boxed e-con e-child\" data-id=\"9a351b9\" data-element_type=\"container\" data-e-type=\"container\">\n\t\t\t\t\t<div class=\"e-con-inner\">\n\t\t<div class=\"elementor-element elementor-element-9844cf3 e-flex e-con-boxed e-con e-child\" data-id=\"9844cf3\" data-element_type=\"container\" data-e-type=\"container\">\n\t\t\t\t\t<div class=\"e-con-inner\">\n\t\t<div class=\"elementor-element elementor-element-47b1ae8 e-flex e-con-boxed e-con e-child\" data-id=\"47b1ae8\" data-element_type=\"container\" data-e-type=\"container\">\n\t\t\t\t\t<div class=\"e-con-inner\">\n\t\t<div class=\"elementor-element elementor-element-deba569 e-con-full e-flex e-con e-child\" data-id=\"deba569\" data-element_type=\"container\" data-e-type=\"container\" data-settings=\"{&quot;background_background&quot;:&quot;classic&quot;}\">\n\t\t\t\t<div class=\"elementor-element elementor-element-288e3f1 elementor-widget elementor-widget-heading\" data-id=\"288e3f1\" data-element_type=\"widget\" data-e-type=\"widget\" data-widget_type=\"heading.default\">\n\t\t\t\t<div class=\"elementor-widget-container\">\n\t\t\t\t\t<h2 class=\"elementor-heading-title elementor-size-default\">P\u00d3S-GRADUA\u00c7\u00c3O COMPORTAMENTO DOS C\u00c3ES E GATOS<\/h2>\t\t\t\t<\/div>\n\t\t\t\t<\/div>\n\t\t\t\t<div class=\"elementor-element elementor-element-ee8aab8 elementor-widget elementor-widget-text-editor\" data-id=\"ee8aab8\" data-element_type=\"widget\" data-e-type=\"widget\" data-widget_type=\"text-editor.default\">\n\t\t\t\t<div class=\"elementor-widget-container\">\n\t\t\t\t\t\t\t\t\t<p>Curso completo: 4 m\u00f3dulos<\/p>\t\t\t\t\t\t\t\t<\/div>\n\t\t\t\t<\/div>\n\t\t\t\t<\/div>\n\t\t\t\t<div class=\"elementor-element elementor-element-d1dd181 elementor-widget elementor-widget-image\" data-id=\"d1dd181\" data-element_type=\"widget\" data-e-type=\"widget\" data-widget_type=\"image.default\">\n\t\t\t\t<div class=\"elementor-widget-container\">\n\t\t\t\t\t\t\t\t\t\t\t\t\t\t\t<img fetchpriority=\"high\" decoding=\"async\" width=\"800\" height=\"450\" src=\"https:\/\/inspa.com.br\/wp-content\/uploads\/2025\/06\/1-1-1024x576.png\" class=\"attachment-large size-large wp-image-1833\" alt=\"\" srcset=\"https:\/\/inspa.com.br\/wp-content\/uploads\/2025\/06\/1-1-1024x576.png 1024w, https:\/\/inspa.com.br\/wp-content\/uploads\/2025\/06\/1-1-300x169.png 300w, https:\/\/inspa.com.br\/wp-content\/uploads\/2025\/06\/1-1-768x432.png 768w, https:\/\/inspa.com.br\/wp-content\/uploads\/2025\/06\/1-1-1536x864.png 1536w, https:\/\/inspa.com.br\/wp-content\/uploads\/2025\/06\/1-1.png 1920w\" sizes=\"(max-width: 800px) 100vw, 800px\" \/>\t\t\t\t\t\t\t\t\t\t\t\t\t\t\t<\/div>\n\t\t\t\t<\/div>\n\t\t\t\t<div class=\"elementor-element elementor-element-c5690fd elementor-widget-divider--view-line elementor-widget elementor-widget-divider\" data-id=\"c5690fd\" data-element_type=\"widget\" data-e-type=\"widget\" data-widget_type=\"divider.default\">\n\t\t\t\t<div class=\"elementor-widget-container\">\n\t\t\t\t\t\t\t<div class=\"elementor-divider\">\n\t\t\t<span class=\"elementor-divider-separator\">\n\t\t\t\t\t\t<\/span>\n\t\t<\/div>\n\t\t\t\t\t\t<\/div>\n\t\t\t\t<\/div>\n\t\t\t\t<div class=\"elementor-element elementor-element-c410948 elementor-widget elementor-widget-heading\" data-id=\"c410948\" data-element_type=\"widget\" data-e-type=\"widget\" data-widget_type=\"heading.default\">\n\t\t\t\t<div class=\"elementor-widget-container\">\n\t\t\t\t\t<h2 class=\"elementor-heading-title elementor-size-default\">Disciplinas da unidade de conhecimento: Pets na sociedade <\/h2>\t\t\t\t<\/div>\n\t\t\t\t<\/div>\n\t\t\t\t<div class=\"elementor-element elementor-element-d63be0d elementor-widget elementor-widget-image\" data-id=\"d63be0d\" data-element_type=\"widget\" data-e-type=\"widget\" data-widget_type=\"image.default\">\n\t\t\t\t<div class=\"elementor-widget-container\">\n\t\t\t\t\t\t\t\t\t\t\t\t\t\t\t<img decoding=\"async\" width=\"800\" height=\"450\" src=\"https:\/\/inspa.com.br\/wp-content\/uploads\/2025\/06\/2-1-1024x576.png\" class=\"attachment-large size-large wp-image-1834\" alt=\"\" srcset=\"https:\/\/inspa.com.br\/wp-content\/uploads\/2025\/06\/2-1-1024x576.png 1024w, https:\/\/inspa.com.br\/wp-content\/uploads\/2025\/06\/2-1-300x169.png 300w, https:\/\/inspa.com.br\/wp-content\/uploads\/2025\/06\/2-1-768x432.png 768w, https:\/\/inspa.com.br\/wp-content\/uploads\/2025\/06\/2-1-1536x864.png 1536w, https:\/\/inspa.com.br\/wp-content\/uploads\/2025\/06\/2-1.png 1920w\" sizes=\"(max-width: 800px) 100vw, 800px\" \/>\t\t\t\t\t\t\t\t\t\t\t\t\t\t\t<\/div>\n\t\t\t\t<\/div>\n\t\t\t\t\t<\/div>\n\t\t\t\t<\/div>\n\t\t\t\t\t<\/div>\n\t\t\t\t<\/div>\n\t\t\t\t\t<\/div>\n\t\t\t\t<\/div>\n\t\t<div class=\"elementor-element elementor-element-5ccd927 e-con-full e-flex e-con e-child\" data-id=\"5ccd927\" data-element_type=\"container\" data-e-type=\"container\">\n\t\t<div class=\"elementor-element elementor-element-c162285 e-flex e-con-boxed e-con e-child\" data-id=\"c162285\" data-element_type=\"container\" data-e-type=\"container\">\n\t\t\t\t\t<div class=\"e-con-inner\">\n\t\t<div class=\"elementor-element elementor-element-fd6b6ac e-flex e-con-boxed e-con e-child\" data-id=\"fd6b6ac\" data-element_type=\"container\" data-e-type=\"container\">\n\t\t\t\t\t<div class=\"e-con-inner\">\n\t\t<div class=\"elementor-element elementor-element-9f1da54 e-con-full e-flex e-con e-child\" data-id=\"9f1da54\" data-element_type=\"container\" data-e-type=\"container\" data-settings=\"{&quot;background_background&quot;:&quot;classic&quot;}\">\n\t\t\t\t<div class=\"elementor-element elementor-element-8af5907 elementor-widget-divider--view-line elementor-widget elementor-widget-divider\" data-id=\"8af5907\" data-element_type=\"widget\" data-e-type=\"widget\" data-widget_type=\"divider.default\">\n\t\t\t\t<div class=\"elementor-widget-container\">\n\t\t\t\t\t\t\t<div class=\"elementor-divider\">\n\t\t\t<span class=\"elementor-divider-separator\">\n\t\t\t\t\t\t<\/span>\n\t\t<\/div>\n\t\t\t\t\t\t<\/div>\n\t\t\t\t<\/div>\n\t\t\t\t<div class=\"elementor-element elementor-element-3e76b69 elementor-widget elementor-widget-heading\" data-id=\"3e76b69\" data-element_type=\"widget\" data-e-type=\"widget\" data-widget_type=\"heading.default\">\n\t\t\t\t<div class=\"elementor-widget-container\">\n\t\t\t\t\t<h2 class=\"elementor-heading-title elementor-size-default\">Disciplinas por M\u00f3dulos<\/h2>\t\t\t\t<\/div>\n\t\t\t\t<\/div>\n\t\t\t\t<\/div>\n\t\t\t\t<div class=\"elementor-element elementor-element-2a117df elementor-widget elementor-widget-image\" data-id=\"2a117df\" data-element_type=\"widget\" data-e-type=\"widget\" data-widget_type=\"image.default\">\n\t\t\t\t<div class=\"elementor-widget-container\">\n\t\t\t\t\t\t\t\t\t\t\t\t\t\t\t<img decoding=\"async\" width=\"800\" height=\"450\" src=\"https:\/\/inspa.com.br\/wp-content\/uploads\/2025\/06\/3-1024x576.png\" class=\"attachment-large size-large wp-image-1811\" alt=\"\" srcset=\"https:\/\/inspa.com.br\/wp-content\/uploads\/2025\/06\/3-1024x576.png 1024w, https:\/\/inspa.com.br\/wp-content\/uploads\/2025\/06\/3-300x169.png 300w, https:\/\/inspa.com.br\/wp-content\/uploads\/2025\/06\/3-768x432.png 768w, https:\/\/inspa.com.br\/wp-content\/uploads\/2025\/06\/3-1536x864.png 1536w, https:\/\/inspa.com.br\/wp-content\/uploads\/2025\/06\/3.png 1920w\" sizes=\"(max-width: 800px) 100vw, 800px\" \/>\t\t\t\t\t\t\t\t\t\t\t\t\t\t\t<\/div>\n\t\t\t\t<\/div>\n\t\t\t\t<div class=\"elementor-element elementor-element-d7dd697 elementor-widget elementor-widget-image\" data-id=\"d7dd697\" data-element_type=\"widget\" data-e-type=\"widget\" data-widget_type=\"image.default\">\n\t\t\t\t<div class=\"elementor-widget-container\">\n\t\t\t\t\t\t\t\t\t\t\t\t\t\t\t<img loading=\"lazy\" decoding=\"async\" width=\"800\" height=\"450\" src=\"https:\/\/inspa.com.br\/wp-content\/uploads\/2025\/06\/4-1024x576.png\" class=\"attachment-large size-large wp-image-1812\" alt=\"\" srcset=\"https:\/\/inspa.com.br\/wp-content\/uploads\/2025\/06\/4-1024x576.png 1024w, https:\/\/inspa.com.br\/wp-content\/uploads\/2025\/06\/4-300x169.png 300w, https:\/\/inspa.com.br\/wp-content\/uploads\/2025\/06\/4-768x432.png 768w, https:\/\/inspa.com.br\/wp-content\/uploads\/2025\/06\/4-1536x864.png 1536w, https:\/\/inspa.com.br\/wp-content\/uploads\/2025\/06\/4.png 1920w\" sizes=\"(max-width: 800px) 100vw, 800px\" \/>\t\t\t\t\t\t\t\t\t\t\t\t\t\t\t<\/div>\n\t\t\t\t<\/div>\n\t\t\t\t\t<\/div>\n\t\t\t\t<\/div>\n\t\t\t\t\t<\/div>\n\t\t\t\t<\/div>\n\t\t\t\t<\/div>\n\t\t<div class=\"elementor-element elementor-element-4962f7e e-con-full e-flex e-con e-child\" data-id=\"4962f7e\" data-element_type=\"container\" data-e-type=\"container\">\n\t\t<div class=\"elementor-element elementor-element-41fcca5 e-flex e-con-boxed e-con e-child\" data-id=\"41fcca5\" data-element_type=\"container\" data-e-type=\"container\">\n\t\t\t\t\t<div class=\"e-con-inner\">\n\t\t<div class=\"elementor-element elementor-element-e9817ce e-flex e-con-boxed e-con e-child\" data-id=\"e9817ce\" data-element_type=\"container\" data-e-type=\"container\">\n\t\t\t\t\t<div class=\"e-con-inner\">\n\t\t<div class=\"elementor-element elementor-element-ad6d3be e-con-full e-flex e-con e-child\" data-id=\"ad6d3be\" data-element_type=\"container\" data-e-type=\"container\" data-settings=\"{&quot;background_background&quot;:&quot;classic&quot;}\">\n\t\t\t\t<div class=\"elementor-element elementor-element-4aa9b04 elementor-widget-divider--view-line elementor-widget elementor-widget-divider\" data-id=\"4aa9b04\" data-element_type=\"widget\" data-e-type=\"widget\" data-widget_type=\"divider.default\">\n\t\t\t\t<div class=\"elementor-widget-container\">\n\t\t\t\t\t\t\t<div class=\"elementor-divider\">\n\t\t\t<span class=\"elementor-divider-separator\">\n\t\t\t\t\t\t<\/span>\n\t\t<\/div>\n\t\t\t\t\t\t<\/div>\n\t\t\t\t<\/div>\n\t\t\t\t<div class=\"elementor-element elementor-element-53a27e2 elementor-widget elementor-widget-heading\" data-id=\"53a27e2\" data-element_type=\"widget\" data-e-type=\"widget\" data-widget_type=\"heading.default\">\n\t\t\t\t<div class=\"elementor-widget-container\">\n\t\t\t\t\t<h2 class=\"elementor-heading-title elementor-size-default\">Veja como funciona<\/h2>\t\t\t\t<\/div>\n\t\t\t\t<\/div>\n\t\t\t\t<div class=\"elementor-element elementor-element-3c3d8f8 elementor-widget elementor-widget-heading\" data-id=\"3c3d8f8\" data-element_type=\"widget\" data-e-type=\"widget\" data-widget_type=\"heading.default\">\n\t\t\t\t<div class=\"elementor-widget-container\">\n\t\t\t\t\t<h2 class=\"elementor-heading-title elementor-size-default\">JORNADA DO ESTUDANTE: \nDO INGRESSO \u00c0 CONCLUS\u00c3O<\/h2>\t\t\t\t<\/div>\n\t\t\t\t<\/div>\n\t\t\t\t<\/div>\n\t\t\t\t<div class=\"elementor-element elementor-element-f3a6c33 elementor-widget elementor-widget-image\" data-id=\"f3a6c33\" data-element_type=\"widget\" data-e-type=\"widget\" data-widget_type=\"image.default\">\n\t\t\t\t<div class=\"elementor-widget-container\">\n\t\t\t\t\t\t\t\t\t\t\t\t\t\t\t<img loading=\"lazy\" decoding=\"async\" width=\"800\" height=\"450\" src=\"https:\/\/inspa.com.br\/wp-content\/uploads\/2025\/06\/exemplificacao-04-1024x576.png\" class=\"attachment-large size-large wp-image-1757\" alt=\"\" srcset=\"https:\/\/inspa.com.br\/wp-content\/uploads\/2025\/06\/exemplificacao-04-1024x576.png 1024w, https:\/\/inspa.com.br\/wp-content\/uploads\/2025\/06\/exemplificacao-04-300x169.png 300w, https:\/\/inspa.com.br\/wp-content\/uploads\/2025\/06\/exemplificacao-04-768x432.png 768w, https:\/\/inspa.com.br\/wp-content\/uploads\/2025\/06\/exemplificacao-04-1536x864.png 1536w, https:\/\/inspa.com.br\/wp-content\/uploads\/2025\/06\/exemplificacao-04.png 1920w\" sizes=\"(max-width: 800px) 100vw, 800px\" \/>\t\t\t\t\t\t\t\t\t\t\t\t\t\t\t<\/div>\n\t\t\t\t<\/div>\n\t\t\t\t<div class=\"elementor-element elementor-element-370dcb8 elementor-widget-divider--view-line elementor-widget elementor-widget-divider\" data-id=\"370dcb8\" data-element_type=\"widget\" data-e-type=\"widget\" data-widget_type=\"divider.default\">\n\t\t\t\t<div class=\"elementor-widget-container\">\n\t\t\t\t\t\t\t<div class=\"elementor-divider\">\n\t\t\t<span class=\"elementor-divider-separator\">\n\t\t\t\t\t\t<\/span>\n\t\t<\/div>\n\t\t\t\t\t\t<\/div>\n\t\t\t\t<\/div>\n\t\t\t\t<div class=\"elementor-element elementor-element-80cb654 elementor-widget elementor-widget-heading\" data-id=\"80cb654\" data-element_type=\"widget\" data-e-type=\"widget\" data-widget_type=\"heading.default\">\n\t\t\t\t<div class=\"elementor-widget-container\">\n\t\t\t\t\t<h2 class=\"elementor-heading-title elementor-size-default\">Benef\u00edcios do curso modular<\/h2>\t\t\t\t<\/div>\n\t\t\t\t<\/div>\n\t\t\t\t<div class=\"elementor-element elementor-element-e704aab elementor-widget elementor-widget-text-editor\" data-id=\"e704aab\" data-element_type=\"widget\" data-e-type=\"widget\" data-widget_type=\"text-editor.default\">\n\t\t\t\t<div class=\"elementor-widget-container\">\n\t\t\t\t\t\t\t\t\t<p class=\"cvGsUA direction-ltr align-start para-style-body\"><span class=\"OYPEnA font-feature-liga-off font-feature-clig-off font-feature-calt-off text-decoration-none text-strikethrough-none\">\ud83d\udfe2 Conex\u00e3o entre Unidades de Conhecimento<\/span><\/p><p class=\"cvGsUA direction-ltr align-start para-style-body\"><span class=\"OYPEnA font-feature-liga-off font-feature-clig-off font-feature-calt-off text-decoration-none text-strikethrough-none\">\ud83d\udfe2 Conte\u00fado n\u00e3o hier\u00e1rquico<\/span><\/p><p class=\"cvGsUA direction-ltr align-start para-style-body\"><span class=\"OYPEnA font-feature-liga-off font-feature-clig-off font-feature-calt-off text-decoration-none text-strikethrough-none\">\ud83d\udfe2 Possibilidade de ingresso em qualquer m\u00f3dulo<\/span><\/p><p class=\"cvGsUA direction-ltr align-start para-style-body\"><span class=\"OYPEnA font-feature-liga-off font-feature-clig-off font-feature-calt-off text-decoration-none text-strikethrough-none\">\ud83d\udfe2 P\u00f3s-gradua\u00e7\u00e3o baseada em diferentes compet\u00eancias<\/span><\/p><p class=\"cvGsUA direction-ltr align-start para-style-body\"><span class=\"OYPEnA font-feature-liga-off font-feature-clig-off font-feature-calt-off text-decoration-none text-strikethrough-none\">\ud83d\udfe2 Estrutura pedag\u00f3gica flex\u00edvel<\/span><\/p><p class=\"cvGsUA direction-ltr align-start para-style-body\"><span class=\"OYPEnA font-feature-liga-off font-feature-clig-off font-feature-calt-off text-decoration-none text-strikethrough-none\">\ud83d\udfe2 Protagonismo na jornada de aprendizagem<\/span><\/p><p class=\"cvGsUA direction-ltr align-start para-style-body\"><span class=\"OYPEnA font-feature-liga-off font-feature-clig-off font-feature-calt-off text-decoration-none text-strikethrough-none\">\ud83d\udfe2 Certifica\u00e7\u00e3o ao<\/span> <span class=\"OYPEnA font-feature-liga-off font-feature-clig-off font-feature-calt-off text-decoration-none text-strikethrough-none\">completar os<\/span><span class=\"OYPEnA font-feature-liga-off font-feature-clig-off font-feature-calt-off text-decoration-none text-strikethrough-none\"> 4 m\u00f3dulos<\/span><\/p><p class=\"cvGsUA direction-ltr align-start para-style-body\"><span class=\"OYPEnA font-feature-liga-off font-feature-clig-off font-feature-calt-off text-decoration-none text-strikethrough-none\">\ud83d\udfe2 Suporte personalizado e amplia\u00e7\u00e3o de networking<\/span><\/p>\t\t\t\t\t\t\t\t<\/div>\n\t\t\t\t<\/div>\n\t\t\t\t\t<\/div>\n\t\t\t\t<\/div>\n\t\t\t\t\t<\/div>\n\t\t\t\t<\/div>\n\t\t\t\t<\/div>\n\t\t\t\t\t<\/div>\n\t\t\t\t<\/div>\n\t\t<div class=\"elementor-element elementor-element-d7c261d e-flex e-con-boxed e-con e-parent\" data-id=\"d7c261d\" data-element_type=\"container\" data-e-type=\"container\" data-settings=\"{&quot;background_background&quot;:&quot;classic&quot;}\">\n\t\t\t\t\t<div class=\"e-con-inner\">\n\t\t<div class=\"elementor-element elementor-element-51eb258 e-con-full e-flex e-con e-child\" data-id=\"51eb258\" data-element_type=\"container\" data-e-type=\"container\">\n\t\t\t\t<div class=\"elementor-element elementor-element-1eef5c9 elementor-widget elementor-widget-heading\" data-id=\"1eef5c9\" data-element_type=\"widget\" data-e-type=\"widget\" data-widget_type=\"heading.default\">\n\t\t\t\t<div class=\"elementor-widget-container\">\n\t\t\t\t\t<h2 class=\"elementor-heading-title elementor-size-default\">A sua jornada profissional come\u00e7a agora<br>NOVA TURMA EM MAR\u00c7O\/26<\/h2>\t\t\t\t<\/div>\n\t\t\t\t<\/div>\n\t\t\t\t<div class=\"elementor-element elementor-element-0fd7559 elementor-widget elementor-widget-text-editor\" data-id=\"0fd7559\" data-element_type=\"widget\" data-e-type=\"widget\" data-widget_type=\"text-editor.default\">\n\t\t\t\t<div class=\"elementor-widget-container\">\n\t\t\t\t\t\t\t\t\t<p>A sua jornada para se tornar um especialista em comportamento dos c\u00e3es e gatos est\u00e1 prestes a come\u00e7ar. N\u00e3o perca essa oportunidade \u00fanica de adquirir conhecimento de excel\u00eancia.<\/p><p>Inscreva-se agora e d\u00ea o pr\u00f3ximo passo na sua carreira com o INSPA!<\/p>\t\t\t\t\t\t\t\t<\/div>\n\t\t\t\t<\/div>\n\t\t\t\t<div class=\"elementor-element elementor-element-43016e2 elementor-widget elementor-widget-text-editor\" data-id=\"43016e2\" data-element_type=\"widget\" data-e-type=\"widget\" data-widget_type=\"text-editor.default\">\n\t\t\t\t<div class=\"elementor-widget-container\">\n\t\t\t\t\t\t\t\t\t<p>MATR\u00cdCULA | R$100,00<\/p>\t\t\t\t\t\t\t\t<\/div>\n\t\t\t\t<\/div>\n\t\t\t\t<div class=\"elementor-element elementor-element-9f43a2e elementor-widget elementor-widget-text-editor\" data-id=\"9f43a2e\" data-element_type=\"widget\" data-e-type=\"widget\" data-widget_type=\"text-editor.default\">\n\t\t\t\t<div class=\"elementor-widget-container\">\n\t\t\t\t\t\t\t\t\t<p>12x R$689,00<br \/>ou<br \/>18x R$549,00<\/p>\t\t\t\t\t\t\t\t<\/div>\n\t\t\t\t<\/div>\n\t\t\t\t<div class=\"elementor-element elementor-element-a04a15b elementor-widget elementor-widget-button\" data-id=\"a04a15b\" data-element_type=\"widget\" data-e-type=\"widget\" data-widget_type=\"button.default\">\n\t\t\t\t<div class=\"elementor-widget-container\">\n\t\t\t\t\t\t\t\t\t<div class=\"elementor-button-wrapper\">\n\t\t\t\t\t<a class=\"elementor-button elementor-button-link elementor-size-sm\" href=\"https:\/\/matricula.sistemaeasy.com.br\/844d89f59b98e7398e18ad2b7abf1400149\">\n\t\t\t\t\t\t<span class=\"elementor-button-content-wrapper\">\n\t\t\t\t\t\t\t\t\t<span class=\"elementor-button-text\">MATR\u00cdCULAS ABERTAS<\/span>\n\t\t\t\t\t<\/span>\n\t\t\t\t\t<\/a>\n\t\t\t\t<\/div>\n\t\t\t\t\t\t\t\t<\/div>\n\t\t\t\t<\/div>\n\t\t\t\t<\/div>\n\t\t<div class=\"elementor-element elementor-element-72bfd9e e-con-full e-flex e-con e-child\" data-id=\"72bfd9e\" data-element_type=\"container\" data-e-type=\"container\">\n\t\t\t\t<div class=\"elementor-element elementor-element-b87acd0 elementor-widget elementor-widget-image\" data-id=\"b87acd0\" data-element_type=\"widget\" data-e-type=\"widget\" data-widget_type=\"image.default\">\n\t\t\t\t<div class=\"elementor-widget-container\">\n\t\t\t\t\t\t\t\t\t\t\t\t\t\t\t<img loading=\"lazy\" decoding=\"async\" width=\"800\" height=\"500\" src=\"https:\/\/inspa.com.br\/wp-content\/uploads\/2025\/06\/Banner.png\" class=\"attachment-large size-large wp-image-1821\" alt=\"\" srcset=\"https:\/\/inspa.com.br\/wp-content\/uploads\/2025\/06\/Banner.png 921w, https:\/\/inspa.com.br\/wp-content\/uploads\/2025\/06\/Banner-300x188.png 300w, https:\/\/inspa.com.br\/wp-content\/uploads\/2025\/06\/Banner-768x480.png 768w\" sizes=\"(max-width: 800px) 100vw, 800px\" \/>\t\t\t\t\t\t\t\t\t\t\t\t\t\t\t<\/div>\n\t\t\t\t<\/div>\n\t\t\t\t<\/div>\n\t\t\t\t\t<\/div>\n\t\t\t\t<\/div>\n\t\t\t\t<\/div>\n\t\t","protected":false},"excerpt":{"rendered":"<p>Curso Modular integrado porUnidades de Conhecimento Nas nossas p\u00f3s-gradua\u00e7\u00f5es as unidades representam blocos estruturados de conhecimentos, compet\u00eancias e habilidades, inter-relacionados e n\u00e3o hier\u00e1rquicos, voltados para a excel\u00eancia profissional. P\u00d3S-GRADUA\u00c7\u00c3O COMPORTAMENTO DOS C\u00c3ES E GATOS Curso completo: 4 m\u00f3dulos Disciplinas da unidade de conhecimento: Pets na sociedade Disciplinas por M\u00f3dulos Veja como funciona JORNADA DO ESTUDANTE: [&hellip;]<\/p>\n","protected":false},"author":14,"featured_media":0,"parent":0,"menu_order":0,"comment_status":"closed","ping_status":"closed","template":"elementor_header_footer","meta":{"footnotes":""},"class_list":["post-1752","page","type-page","status-publish","hentry"],"_links":{"self":[{"href":"https:\/\/inspa.com.br\/index.php\/wp-json\/wp\/v2\/pages\/1752","targetHints":{"allow":["GET"]}}],"collection":[{"href":"https:\/\/inspa.com.br\/index.php\/wp-json\/wp\/v2\/pages"}],"about":[{"href":"https:\/\/inspa.com.br\/index.php\/wp-json\/wp\/v2\/types\/page"}],"author":[{"embeddable":true,"href":"https:\/\/inspa.com.br\/index.php\/wp-json\/wp\/v2\/users\/14"}],"replies":[{"embeddable":true,"href":"https:\/\/inspa.com.br\/index.php\/wp-json\/wp\/v2\/comments?post=1752"}],"version-history":[{"count":61,"href":"https:\/\/inspa.com.br\/index.php\/wp-json\/wp\/v2\/pages\/1752\/revisions"}],"predecessor-version":[{"id":2394,"href":"https:\/\/inspa.com.br\/index.php\/wp-json\/wp\/v2\/pages\/1752\/revisions\/2394"}],"wp:attachment":[{"href":"https:\/\/inspa.com.br\/index.php\/wp-json\/wp\/v2\/media?parent=1752"}],"curies":[{"name":"wp","href":"https:\/\/api.w.org\/{rel}","templated":true}]}}