{"id":43,"date":"2024-04-06T15:12:09","date_gmt":"2024-04-06T18:12:09","guid":{"rendered":"https:\/\/inspa.com.br\/?page_id=43"},"modified":"2024-05-02T21:54:48","modified_gmt":"2024-05-03T00:54:48","slug":"sobre","status":"publish","type":"page","link":"https:\/\/inspa.com.br\/index.php\/sobre\/","title":{"rendered":"Sobre"},"content":{"rendered":"\t\t<div data-elementor-type=\"wp-page\" data-elementor-id=\"43\" class=\"elementor elementor-43\" data-elementor-post-type=\"page\">\n\t\t\t\t<div class=\"elementor-element elementor-element-c7bec3a e-flex e-con-boxed e-con e-parent\" data-id=\"c7bec3a\" data-element_type=\"container\" data-e-type=\"container\">\n\t\t\t\t\t<div class=\"e-con-inner\">\n\t\t<div class=\"elementor-element elementor-element-c2c1c96 e-flex e-con-boxed e-con e-child\" data-id=\"c2c1c96\" data-element_type=\"container\" data-e-type=\"container\" data-settings=\"{&quot;background_background&quot;:&quot;classic&quot;}\">\n\t\t\t\t\t<div class=\"e-con-inner\">\n\t\t\t\t<div class=\"elementor-element elementor-element-e1bd5fe elementor-widget elementor-widget-spacer\" data-id=\"e1bd5fe\" data-element_type=\"widget\" data-e-type=\"widget\" data-widget_type=\"spacer.default\">\n\t\t\t\t<div class=\"elementor-widget-container\">\n\t\t\t\t\t\t\t<div class=\"elementor-spacer\">\n\t\t\t<div class=\"elementor-spacer-inner\"><\/div>\n\t\t<\/div>\n\t\t\t\t\t\t<\/div>\n\t\t\t\t<\/div>\n\t\t\t\t\t<\/div>\n\t\t\t\t<\/div>\n\t\t\t\t\t<\/div>\n\t\t\t\t<\/div>\n\t\t<div class=\"elementor-element elementor-element-d265824 e-flex e-con-boxed e-con e-parent\" data-id=\"d265824\" data-element_type=\"container\" data-e-type=\"container\">\n\t\t\t\t\t<div class=\"e-con-inner\">\n\t\t<div class=\"elementor-element elementor-element-c22f600 e-flex e-con-boxed e-con e-child\" data-id=\"c22f600\" data-element_type=\"container\" data-e-type=\"container\">\n\t\t\t\t\t<div class=\"e-con-inner\">\n\t\t\t\t<div class=\"elementor-element elementor-element-bd2e0ed elementor-widget elementor-widget-text-editor\" data-id=\"bd2e0ed\" data-element_type=\"widget\" data-e-type=\"widget\" data-widget_type=\"text-editor.default\">\n\t\t\t\t<div class=\"elementor-widget-container\">\n\t\t\t\t\t\t\t\t\t<p>Sobre o INSPA<\/p>\t\t\t\t\t\t\t\t<\/div>\n\t\t\t\t<\/div>\n\t\t\t\t<div class=\"elementor-element elementor-element-d9a7821 elementor-widget elementor-widget-heading\" data-id=\"d9a7821\" data-element_type=\"widget\" data-e-type=\"widget\" data-widget_type=\"heading.default\">\n\t\t\t\t<div class=\"elementor-widget-container\">\n\t\t\t\t\t<h2 class=\"elementor-heading-title elementor-size-default\">Voca\u00e7\u00e3o para o pioneirismo<\/h2>\t\t\t\t<\/div>\n\t\t\t\t<\/div>\n\t\t\t\t\t<\/div>\n\t\t\t\t<\/div>\n\t\t<div class=\"elementor-element elementor-element-c914428 e-flex e-con-boxed e-con e-child\" data-id=\"c914428\" data-element_type=\"container\" data-e-type=\"container\">\n\t\t\t\t\t<div class=\"e-con-inner\">\n\t\t<div class=\"elementor-element elementor-element-f73a1c0 e-flex e-con-boxed e-con e-child\" data-id=\"f73a1c0\" data-element_type=\"container\" data-e-type=\"container\">\n\t\t\t\t\t<div class=\"e-con-inner\">\n\t\t\t\t<div class=\"elementor-element elementor-element-c88c4dc elementor-widget elementor-widget-text-editor\" data-id=\"c88c4dc\" data-element_type=\"widget\" data-e-type=\"widget\" data-widget_type=\"text-editor.default\">\n\t\t\t\t<div class=\"elementor-widget-container\">\n\t\t\t\t\t\t\t\t\t<p>Institui\u00e7\u00e3o que h\u00e1 12 anos se dedica \u00e0 vanguarda da educa\u00e7\u00e3o em comportamento e bem-estar animal.<\/p>\t\t\t\t\t\t\t\t<\/div>\n\t\t\t\t<\/div>\n\t\t\t\t\t<\/div>\n\t\t\t\t<\/div>\n\t\t<div class=\"elementor-element elementor-element-85f1efe e-flex e-con-boxed e-con e-child\" data-id=\"85f1efe\" data-element_type=\"container\" data-e-type=\"container\">\n\t\t\t\t\t<div class=\"e-con-inner\">\n\t\t<div class=\"elementor-element elementor-element-8a47010 e-con-full e-flex e-con e-child\" data-id=\"8a47010\" data-element_type=\"container\" data-e-type=\"container\">\n\t\t\t\t<div class=\"elementor-element elementor-element-5313e80 elementor-widget elementor-widget-image\" data-id=\"5313e80\" data-element_type=\"widget\" data-e-type=\"widget\" data-widget_type=\"image.default\">\n\t\t\t\t<div class=\"elementor-widget-container\">\n\t\t\t\t\t\t\t\t\t\t\t\t\t\t\t<img fetchpriority=\"high\" decoding=\"async\" width=\"691\" height=\"741\" src=\"https:\/\/inspa.com.br\/wp-content\/uploads\/2024\/04\/Ceres-1.jpg\" class=\"attachment-large size-large wp-image-206\" alt=\"\" srcset=\"https:\/\/inspa.com.br\/wp-content\/uploads\/2024\/04\/Ceres-1.jpg 691w, https:\/\/inspa.com.br\/wp-content\/uploads\/2024\/04\/Ceres-1-280x300.jpg 280w\" sizes=\"(max-width: 691px) 100vw, 691px\" \/>\t\t\t\t\t\t\t\t\t\t\t\t\t\t\t<\/div>\n\t\t\t\t<\/div>\n\t\t\t\t<\/div>\n\t\t<div class=\"elementor-element elementor-element-b88775a e-flex e-con-boxed e-con e-child\" data-id=\"b88775a\" data-element_type=\"container\" data-e-type=\"container\">\n\t\t\t\t\t<div class=\"e-con-inner\">\n\t\t\t\t<div class=\"elementor-element elementor-element-c83a8b6 elementor-widget elementor-widget-heading\" data-id=\"c83a8b6\" data-element_type=\"widget\" data-e-type=\"widget\" data-widget_type=\"heading.default\">\n\t\t\t\t<div class=\"elementor-widget-container\">\n\t\t\t\t\t<h2 class=\"elementor-heading-title elementor-size-default\">Profa. Dra Ceres Berger Faraco<\/h2>\t\t\t\t<\/div>\n\t\t\t\t<\/div>\n\t\t\t\t<div class=\"elementor-element elementor-element-cb926fd elementor-widget elementor-widget-text-editor\" data-id=\"cb926fd\" data-element_type=\"widget\" data-e-type=\"widget\" data-widget_type=\"text-editor.default\">\n\t\t\t\t<div class=\"elementor-widget-container\">\n\t\t\t\t\t\t\t\t\t<p>Fundadora do INSPA e idealizadora do conceito de fam\u00edlia multiespecies.<\/p>\t\t\t\t\t\t\t\t<\/div>\n\t\t\t\t<\/div>\n\t\t\t\t\t<\/div>\n\t\t\t\t<\/div>\n\t\t\t\t\t<\/div>\n\t\t\t\t<\/div>\n\t\t\t\t\t<\/div>\n\t\t\t\t<\/div>\n\t\t\t\t\t<\/div>\n\t\t\t\t<\/div>\n\t\t<div class=\"elementor-element elementor-element-b4cd85e e-flex e-con-boxed e-con e-parent\" data-id=\"b4cd85e\" data-element_type=\"container\" data-e-type=\"container\">\n\t\t\t\t\t<div class=\"e-con-inner\">\n\t\t<div class=\"elementor-element elementor-element-16234fd e-flex e-con-boxed e-con e-child\" data-id=\"16234fd\" data-element_type=\"container\" data-e-type=\"container\" data-settings=\"{&quot;background_background&quot;:&quot;classic&quot;}\">\n\t\t\t\t\t<div class=\"e-con-inner\">\n\t\t\t\t<div class=\"elementor-element elementor-element-b90f8a9 elementor-widget elementor-widget-heading\" data-id=\"b90f8a9\" data-element_type=\"widget\" data-e-type=\"widget\" data-widget_type=\"heading.default\">\n\t\t\t\t<div class=\"elementor-widget-container\">\n\t\t\t\t\t<h2 class=\"elementor-heading-title elementor-size-default\">Uma Jornada de Inova\u00e7\u00e3o e Compromisso com o Bem-estar Animal<\/h2>\t\t\t\t<\/div>\n\t\t\t\t<\/div>\n\t\t\t\t<div class=\"elementor-element elementor-element-8c2d7cb elementor-widget elementor-widget-text-editor\" data-id=\"8c2d7cb\" data-element_type=\"widget\" data-e-type=\"widget\" data-widget_type=\"text-editor.default\">\n\t\t\t\t<div class=\"elementor-widget-container\">\n\t\t\t\t\t\t\t\t\t<p>Bem-vindo ao INSPA &#8211; Instituto de Sa\u00fade e Psicologia Animal, uma institui\u00e7\u00e3o que h\u00e1 12 anos se dedica \u00e0 vanguarda da educa\u00e7\u00e3o em comportamento e bem-estar animal. Fundada sob a vis\u00e3o pioneira da Dra. Ceres Faraco, a INSPA nasceu com o prop\u00f3sito de revolucionar o entendimento e a pr\u00e1tica profissional em torno das rela\u00e7\u00f5es entre humanos e animais, introduzindo o conceito de fam\u00edlia multiesp\u00e9cie.<!-- notionvc: f083b989-b505-4fea-a81f-08cb42ea2e86 --><\/p>\t\t\t\t\t\t\t\t<\/div>\n\t\t\t\t<\/div>\n\t\t\t\t<div class=\"elementor-element elementor-element-ede4861 elementor-widget elementor-widget-heading\" data-id=\"ede4861\" data-element_type=\"widget\" data-e-type=\"widget\" data-widget_type=\"heading.default\">\n\t\t\t\t<div class=\"elementor-widget-container\">\n\t\t\t\t\t<h2 class=\"elementor-heading-title elementor-size-default\">Nossa Miss\u00e3o<\/h2>\t\t\t\t<\/div>\n\t\t\t\t<\/div>\n\t\t\t\t<div class=\"elementor-element elementor-element-771fd0b elementor-widget elementor-widget-text-editor\" data-id=\"771fd0b\" data-element_type=\"widget\" data-e-type=\"widget\" data-widget_type=\"text-editor.default\">\n\t\t\t\t<div class=\"elementor-widget-container\">\n\t\t\t\t\t\t\t\t\t<p>Nossa miss\u00e3o \u00e9 construir uma comunidade forte e informada para a troca de conhecimento na \u00e1rea de comportamento e bem-estar animal. Acreditamos na import\u00e2ncia de uma forma\u00e7\u00e3o continuada que n\u00e3o apenas capacite, mas tamb\u00e9m inspire profissionais de diversas \u00e1reas, como veterin\u00e1ria, psicologia, biologia, arquitetura e direito, a promoverem mudan\u00e7as significativas na vida dos animais.<!-- notionvc: a4981dfd-ab98-4a73-a5e9-6a5dc68f536d --><br \/><!-- notionvc: f083b989-b505-4fea-a81f-08cb42ea2e86 --><\/p>\t\t\t\t\t\t\t\t<\/div>\n\t\t\t\t<\/div>\n\t\t\t\t<div class=\"elementor-element elementor-element-4dd49fd elementor-widget elementor-widget-heading\" data-id=\"4dd49fd\" data-element_type=\"widget\" data-e-type=\"widget\" data-widget_type=\"heading.default\">\n\t\t\t\t<div class=\"elementor-widget-container\">\n\t\t\t\t\t<h2 class=\"elementor-heading-title elementor-size-default\">12 Anos de Excel\u00eancia em Educa\u00e7\u00e3o<\/h2>\t\t\t\t<\/div>\n\t\t\t\t<\/div>\n\t\t\t\t<div class=\"elementor-element elementor-element-6f92718 elementor-widget elementor-widget-text-editor\" data-id=\"6f92718\" data-element_type=\"widget\" data-e-type=\"widget\" data-widget_type=\"text-editor.default\">\n\t\t\t\t<div class=\"elementor-widget-container\">\n\t\t\t\t\t\t\t\t\t<p>Desde o nosso in\u00edcio, temos estado na linha de frente da educa\u00e7\u00e3o a dist\u00e2ncia, oferecendo cursos de p\u00f3s-gradua\u00e7\u00e3o que combinam flexibilidade, acessibilidade e conte\u00fado de alta qualidade. Nosso compromisso com a excel\u00eancia educacional nos permitiu desenvolver programas de estudo que s\u00e3o tanto abrangentes quanto profundamente enriquecedores, refletidos pela certifica\u00e7\u00e3o do Minist\u00e9rio da Educa\u00e7\u00e3o e pelo sucesso cont\u00ednuo de nossos alunos.<!-- notionvc: 5dfa13da-a3e6-4b66-b261-cf0bf0044f22 --><br \/><!-- notionvc: f083b989-b505-4fea-a81f-08cb42ea2e86 --><\/p>\t\t\t\t\t\t\t\t<\/div>\n\t\t\t\t<\/div>\n\t\t\t\t<div class=\"elementor-element elementor-element-de2deab elementor-widget elementor-widget-heading\" data-id=\"de2deab\" data-element_type=\"widget\" data-e-type=\"widget\" data-widget_type=\"heading.default\">\n\t\t\t\t<div class=\"elementor-widget-container\">\n\t\t\t\t\t<h2 class=\"elementor-heading-title elementor-size-default\">Por Que Escolher o INSPA?<\/h2>\t\t\t\t<\/div>\n\t\t\t\t<\/div>\n\t\t\t\t<div class=\"elementor-element elementor-element-bda95f9 elementor-widget elementor-widget-text-editor\" data-id=\"bda95f9\" data-element_type=\"widget\" data-e-type=\"widget\" data-widget_type=\"text-editor.default\">\n\t\t\t\t<div class=\"elementor-widget-container\">\n\t\t\t\t\t\t\t\t\t<p>Escolher a INSPA significa ingressar em uma institui\u00e7\u00e3o que \u00e9 sin\u00f4nimo de inova\u00e7\u00e3o e qualidade. Somos pioneiros na abordagem do ensino sobre comportamento animal, com cursos desenhados para oferecer uma aprendizagem aplicada e relevante, preparando profissionais para enfrentarem os desafios de um mundo cada vez mais consciente da import\u00e2ncia do bem-estar animal.<\/p><p>Nossos cursos s\u00e3o mais do que programas de estudo; s\u00e3o uma porta para fazer parte de uma comunidade engajada e comprometida com a causa animal. Atrav\u00e9s de nossa plataforma, os alunos t\u00eam a oportunidade de aprender com os melhores especialistas no campo, acessar conte\u00fado atualizado e participar de uma rede de profissionais que compartilham dos mesmos valores e objetivos.<!-- notionvc: cb835bfe-24ae-4fa6-af6f-7cc21eadac32 --><!-- notionvc: f083b989-b505-4fea-a81f-08cb42ea2e86 --><\/p>\t\t\t\t\t\t\t\t<\/div>\n\t\t\t\t<\/div>\n\t\t\t\t<div class=\"elementor-element elementor-element-bceba79 elementor-widget elementor-widget-heading\" data-id=\"bceba79\" data-element_type=\"widget\" data-e-type=\"widget\" data-widget_type=\"heading.default\">\n\t\t\t\t<div class=\"elementor-widget-container\">\n\t\t\t\t\t<h2 class=\"elementor-heading-title elementor-size-default\">Junte-se a N\u00f3s<\/h2>\t\t\t\t<\/div>\n\t\t\t\t<\/div>\n\t\t\t\t<div class=\"elementor-element elementor-element-cb3c866 elementor-widget elementor-widget-text-editor\" data-id=\"cb3c866\" data-element_type=\"widget\" data-e-type=\"widget\" data-widget_type=\"text-editor.default\">\n\t\t\t\t<div class=\"elementor-widget-container\">\n\t\t\t\t\t\t\t\t\t<p>Ao longo dos anos, acumulamos in\u00fameras hist\u00f3rias de sucesso e testemunhos de alunos que viram suas carreiras transformadas pelo conhecimento adquirido na INSPA. Convidamos voc\u00ea a fazer parte dessa hist\u00f3ria de sucesso. Junte-se a n\u00f3s e torne-se um l\u00edder na promo\u00e7\u00e3o do bem-estar e comportamento animal.<!-- notionvc: 60495164-1d0a-441b-9fb0-1d884334b672 --><br \/><!-- notionvc: f083b989-b505-4fea-a81f-08cb42ea2e86 --><\/p>\t\t\t\t\t\t\t\t<\/div>\n\t\t\t\t<\/div>\n\t\t\t\t<div class=\"elementor-element elementor-element-1f5d3b9 elementor-widget elementor-widget-heading\" data-id=\"1f5d3b9\" data-element_type=\"widget\" data-e-type=\"widget\" data-widget_type=\"heading.default\">\n\t\t\t\t<div class=\"elementor-widget-container\">\n\t\t\t\t\t<h2 class=\"elementor-heading-title elementor-size-default\">Nossa Vis\u00e3o para o Futuro<\/h2>\t\t\t\t<\/div>\n\t\t\t\t<\/div>\n\t\t\t\t<div class=\"elementor-element elementor-element-e7b5271 elementor-widget elementor-widget-text-editor\" data-id=\"e7b5271\" data-element_type=\"widget\" data-e-type=\"widget\" data-widget_type=\"text-editor.default\">\n\t\t\t\t<div class=\"elementor-widget-container\">\n\t\t\t\t\t\t\t\t\t<p>Olhamos para o futuro com otimismo e determina\u00e7\u00e3o, comprometidos em continuar a expandir nossos horizontes educacionais e a impactar positivamente a vida de animais e humanos. O INSPA est\u00e1 dedicado a permanecer na vanguarda da educa\u00e7\u00e3o animal, trazendo novas ideias, cursos e m\u00e9todos que respondam \u00e0s necessidades emergentes do campo.<\/p><p>Conhe\u00e7a mais sobre nossos cursos e como voc\u00ea pode fazer a diferen\u00e7a. Seja bem-vindo ao INSPA!<!-- notionvc: 47a7136c-e5ba-4c08-8a31-36a14ad35a34 --><!-- notionvc: f083b989-b505-4fea-a81f-08cb42ea2e86 --><\/p>\t\t\t\t\t\t\t\t<\/div>\n\t\t\t\t<\/div>\n\t\t\t\t\t<\/div>\n\t\t\t\t<\/div>\n\t\t\t\t\t<\/div>\n\t\t\t\t<\/div>\n\t\t\t\t<\/div>\n\t\t","protected":false},"excerpt":{"rendered":"<p>Sobre o INSPA Voca\u00e7\u00e3o para o pioneirismo Institui\u00e7\u00e3o que h\u00e1 12 anos se dedica \u00e0 vanguarda da educa\u00e7\u00e3o em comportamento e bem-estar animal. Profa. Dra Ceres Berger Faraco Fundadora do INSPA e idealizadora do conceito de fam\u00edlia multiespecies. Uma Jornada de Inova\u00e7\u00e3o e Compromisso com o Bem-estar Animal Bem-vindo ao INSPA &#8211; Instituto de Sa\u00fade [&hellip;]<\/p>\n","protected":false},"author":1,"featured_media":0,"parent":0,"menu_order":0,"comment_status":"closed","ping_status":"closed","template":"elementor_header_footer","meta":{"footnotes":""},"class_list":["post-43","page","type-page","status-publish","hentry"],"_links":{"self":[{"href":"https:\/\/inspa.com.br\/index.php\/wp-json\/wp\/v2\/pages\/43","targetHints":{"allow":["GET"]}}],"collection":[{"href":"https:\/\/inspa.com.br\/index.php\/wp-json\/wp\/v2\/pages"}],"about":[{"href":"https:\/\/inspa.com.br\/index.php\/wp-json\/wp\/v2\/types\/page"}],"author":[{"embeddable":true,"href":"https:\/\/inspa.com.br\/index.php\/wp-json\/wp\/v2\/users\/1"}],"replies":[{"embeddable":true,"href":"https:\/\/inspa.com.br\/index.php\/wp-json\/wp\/v2\/comments?post=43"}],"version-history":[{"count":25,"href":"https:\/\/inspa.com.br\/index.php\/wp-json\/wp\/v2\/pages\/43\/revisions"}],"predecessor-version":[{"id":439,"href":"https:\/\/inspa.com.br\/index.php\/wp-json\/wp\/v2\/pages\/43\/revisions\/439"}],"wp:attachment":[{"href":"https:\/\/inspa.com.br\/index.php\/wp-json\/wp\/v2\/media?parent=43"}],"curies":[{"name":"wp","href":"https:\/\/api.w.org\/{rel}","templated":true}]}}